{"id":65,"date":"2026-02-20T16:34:00","date_gmt":"2026-02-20T16:34:00","guid":{"rendered":"http:\/\/maisondraguignan.cloud\/?page_id=65"},"modified":"2026-02-20T16:34:00","modified_gmt":"2026-02-20T16:34:00","slug":"exterieur-cote-piscine","status":"publish","type":"page","link":"https:\/\/maisondraguignan.cloud\/?page_id=65","title":{"rendered":"Ext\u00e9rieur c\u00f4t\u00e9 piscine"},"content":{"rendered":"\n<figure class=\"wp-block-gallery has-nested-images columns-default is-cropped wp-block-gallery-1 is-layout-flex wp-block-gallery-is-layout-flex\">\n<figure class=\"wp-block-image size-large\"><img loading=\"lazy\" decoding=\"async\" width=\"355\" height=\"235\" data-id=\"67\" src=\"http:\/\/maisondraguignan.cloud\/wp-content\/uploads\/2026\/02\/exterieur2-1.jpg\" alt=\"\" class=\"wp-image-67\" srcset=\"https:\/\/maisondraguignan.cloud\/wp-content\/uploads\/2026\/02\/exterieur2-1.jpg 355w, https:\/\/maisondraguignan.cloud\/wp-content\/uploads\/2026\/02\/exterieur2-1-300x199.jpg 300w\" sizes=\"auto, (max-width: 355px) 100vw, 355px\" \/><\/figure>\n\n\n\n<figure class=\"wp-block-image size-large\"><img loading=\"lazy\" decoding=\"async\" width=\"640\" height=\"480\" data-id=\"68\" src=\"http:\/\/maisondraguignan.cloud\/wp-content\/uploads\/2026\/02\/IMG_1278-1.jpg\" alt=\"\" class=\"wp-image-68\" srcset=\"https:\/\/maisondraguignan.cloud\/wp-content\/uploads\/2026\/02\/IMG_1278-1.jpg 640w, https:\/\/maisondraguignan.cloud\/wp-content\/uploads\/2026\/02\/IMG_1278-1-300x225.jpg 300w\" sizes=\"auto, (max-width: 640px) 100vw, 640px\" \/><\/figure>\n\n\n\n<figure class=\"wp-block-image size-large\"><img loading=\"lazy\" decoding=\"async\" width=\"361\" height=\"241\" data-id=\"66\" src=\"http:\/\/maisondraguignan.cloud\/wp-content\/uploads\/2026\/02\/piscine1-1.jpg\" alt=\"\" class=\"wp-image-66\" srcset=\"https:\/\/maisondraguignan.cloud\/wp-content\/uploads\/2026\/02\/piscine1-1.jpg 361w, https:\/\/maisondraguignan.cloud\/wp-content\/uploads\/2026\/02\/piscine1-1-300x200.jpg 300w\" sizes=\"auto, (max-width: 361px) 100vw, 361px\" \/><\/figure>\n<\/figure>\n","protected":false},"excerpt":{"rendered":"","protected":false},"author":1,"featured_media":0,"parent":0,"menu_order":0,"comment_status":"closed","ping_status":"closed","template":"","meta":{"footnotes":""},"class_list":["post-65","page","type-page","status-publish","hentry"],"_links":{"self":[{"href":"https:\/\/maisondraguignan.cloud\/index.php?rest_route=\/wp\/v2\/pages\/65","targetHints":{"allow":["GET"]}}],"collection":[{"href":"https:\/\/maisondraguignan.cloud\/index.php?rest_route=\/wp\/v2\/pages"}],"about":[{"href":"https:\/\/maisondraguignan.cloud\/index.php?rest_route=\/wp\/v2\/types\/page"}],"author":[{"embeddable":true,"href":"https:\/\/maisondraguignan.cloud\/index.php?rest_route=\/wp\/v2\/users\/1"}],"replies":[{"embeddable":true,"href":"https:\/\/maisondraguignan.cloud\/index.php?rest_route=%2Fwp%2Fv2%2Fcomments&post=65"}],"version-history":[{"count":1,"href":"https:\/\/maisondraguignan.cloud\/index.php?rest_route=\/wp\/v2\/pages\/65\/revisions"}],"predecessor-version":[{"id":69,"href":"https:\/\/maisondraguignan.cloud\/index.php?rest_route=\/wp\/v2\/pages\/65\/revisions\/69"}],"wp:attachment":[{"href":"https:\/\/maisondraguignan.cloud\/index.php?rest_route=%2Fwp%2Fv2%2Fmedia&parent=65"}],"curies":[{"name":"wp","href":"https:\/\/api.w.org\/{rel}","templated":true}]}}