{"id":63,"date":"2026-02-20T16:32:57","date_gmt":"2026-02-20T16:32:57","guid":{"rendered":"http:\/\/maisondraguignan.cloud\/?page_id=63"},"modified":"2026-02-25T09:24:41","modified_gmt":"2026-02-25T09:24:41","slug":"premier-etage","status":"publish","type":"page","link":"https:\/\/maisondraguignan.cloud\/?page_id=63","title":{"rendered":"Premier \u00e9tage"},"content":{"rendered":"\n<p>Chambre de 14 m2 avec grand placard<\/p>\n\n\n\n<figure class=\"wp-block-image size-full\"><img loading=\"lazy\" decoding=\"async\" width=\"480\" height=\"640\" src=\"http:\/\/maisondraguignan.cloud\/wp-content\/uploads\/2026\/02\/chambre1-rotated.jpeg\" alt=\"\" class=\"wp-image-96\" srcset=\"https:\/\/maisondraguignan.cloud\/wp-content\/uploads\/2026\/02\/chambre1-rotated.jpeg 480w, https:\/\/maisondraguignan.cloud\/wp-content\/uploads\/2026\/02\/chambre1-225x300.jpeg 225w\" sizes=\"auto, (max-width: 480px) 100vw, 480px\" \/><\/figure>\n\n\n\n<p>Chambre de 10m2 avec placard<\/p>\n\n\n\n<figure class=\"wp-block-image size-full\"><img loading=\"lazy\" decoding=\"async\" width=\"480\" height=\"640\" src=\"http:\/\/maisondraguignan.cloud\/wp-content\/uploads\/2026\/02\/chambre2-cote-piscine-rotated.jpeg\" alt=\"\" class=\"wp-image-98\" srcset=\"https:\/\/maisondraguignan.cloud\/wp-content\/uploads\/2026\/02\/chambre2-cote-piscine-rotated.jpeg 480w, https:\/\/maisondraguignan.cloud\/wp-content\/uploads\/2026\/02\/chambre2-cote-piscine-225x300.jpeg 225w\" sizes=\"auto, (max-width: 480px) 100vw, 480px\" \/><\/figure>\n\n\n\n<p>Mezzanine avec canap\u00e9 convertible pour couchage suppl\u00e9mentaire (placard) + 1 WC s\u00e9par\u00e9<\/p>\n\n\n\n<figure class=\"wp-block-image size-full\"><img loading=\"lazy\" decoding=\"async\" width=\"480\" height=\"640\" src=\"http:\/\/maisondraguignan.cloud\/wp-content\/uploads\/2026\/02\/mezzanine-cote-piscine-rotated.jpeg\" alt=\"\" class=\"wp-image-99\" srcset=\"https:\/\/maisondraguignan.cloud\/wp-content\/uploads\/2026\/02\/mezzanine-cote-piscine-rotated.jpeg 480w, https:\/\/maisondraguignan.cloud\/wp-content\/uploads\/2026\/02\/mezzanine-cote-piscine-225x300.jpeg 225w\" sizes=\"auto, (max-width: 480px) 100vw, 480px\" \/><\/figure>\n\n\n\n<p><\/p>\n","protected":false},"excerpt":{"rendered":"<p>Chambre de 14 m2 avec grand placard Chambre de 10m2 avec placard Mezzanine avec canap\u00e9 convertible pour couchage suppl\u00e9mentaire (placard) + 1 WC s\u00e9par\u00e9<\/p>\n","protected":false},"author":1,"featured_media":0,"parent":0,"menu_order":0,"comment_status":"closed","ping_status":"closed","template":"","meta":{"footnotes":""},"class_list":["post-63","page","type-page","status-publish","hentry"],"_links":{"self":[{"href":"https:\/\/maisondraguignan.cloud\/index.php?rest_route=\/wp\/v2\/pages\/63","targetHints":{"allow":["GET"]}}],"collection":[{"href":"https:\/\/maisondraguignan.cloud\/index.php?rest_route=\/wp\/v2\/pages"}],"about":[{"href":"https:\/\/maisondraguignan.cloud\/index.php?rest_route=\/wp\/v2\/types\/page"}],"author":[{"embeddable":true,"href":"https:\/\/maisondraguignan.cloud\/index.php?rest_route=\/wp\/v2\/users\/1"}],"replies":[{"embeddable":true,"href":"https:\/\/maisondraguignan.cloud\/index.php?rest_route=%2Fwp%2Fv2%2Fcomments&post=63"}],"version-history":[{"count":6,"href":"https:\/\/maisondraguignan.cloud\/index.php?rest_route=\/wp\/v2\/pages\/63\/revisions"}],"predecessor-version":[{"id":119,"href":"https:\/\/maisondraguignan.cloud\/index.php?rest_route=\/wp\/v2\/pages\/63\/revisions\/119"}],"wp:attachment":[{"href":"https:\/\/maisondraguignan.cloud\/index.php?rest_route=%2Fwp%2Fv2%2Fmedia&parent=63"}],"curies":[{"name":"wp","href":"https:\/\/api.w.org\/{rel}","templated":true}]}}