{"id":18,"date":"2026-02-20T15:43:35","date_gmt":"2026-02-20T15:43:35","guid":{"rendered":"http:\/\/maisondraguignan.cloud\/?page_id=18"},"modified":"2026-02-25T09:24:15","modified_gmt":"2026-02-25T09:24:15","slug":"rez-de-chaussee","status":"publish","type":"page","link":"https:\/\/maisondraguignan.cloud\/?page_id=18","title":{"rendered":"Rez de chauss\u00e9e"},"content":{"rendered":"\n<p>Salle \u00e0 manger cuisine \u00e9quip\u00e9e<\/p>\n\n\n\n<figure class=\"wp-block-gallery has-nested-images columns-default is-cropped wp-block-gallery-1 is-layout-flex wp-block-gallery-is-layout-flex\">\n<figure class=\"wp-block-image size-large\"><img loading=\"lazy\" decoding=\"async\" width=\"480\" height=\"640\" data-id=\"104\" src=\"http:\/\/maisondraguignan.cloud\/wp-content\/uploads\/2026\/02\/salle-a-manger-cuisine-rotated.jpeg\" alt=\"\" class=\"wp-image-104\" srcset=\"https:\/\/maisondraguignan.cloud\/wp-content\/uploads\/2026\/02\/salle-a-manger-cuisine-rotated.jpeg 480w, https:\/\/maisondraguignan.cloud\/wp-content\/uploads\/2026\/02\/salle-a-manger-cuisine-225x300.jpeg 225w\" sizes=\"auto, (max-width: 480px) 100vw, 480px\" \/><\/figure>\n<\/figure>\n\n\n\n<p>Salon avec po\u00eale \u00e0 granules<\/p>\n\n\n\n<figure class=\"wp-block-gallery has-nested-images columns-default is-cropped wp-block-gallery-2 is-layout-flex wp-block-gallery-is-layout-flex\">\n<figure class=\"wp-block-image size-large\"><img loading=\"lazy\" decoding=\"async\" width=\"480\" height=\"640\" data-id=\"105\" src=\"http:\/\/maisondraguignan.cloud\/wp-content\/uploads\/2026\/02\/salon1-rotated.jpeg\" alt=\"\" class=\"wp-image-105\" srcset=\"https:\/\/maisondraguignan.cloud\/wp-content\/uploads\/2026\/02\/salon1-rotated.jpeg 480w, https:\/\/maisondraguignan.cloud\/wp-content\/uploads\/2026\/02\/salon1-225x300.jpeg 225w\" sizes=\"auto, (max-width: 480px) 100vw, 480px\" \/><\/figure>\n\n\n\n<figure class=\"wp-block-image size-large\"><img loading=\"lazy\" decoding=\"async\" width=\"480\" height=\"640\" data-id=\"107\" src=\"http:\/\/maisondraguignan.cloud\/wp-content\/uploads\/2026\/02\/salon2-rotated.jpeg\" alt=\"\" class=\"wp-image-107\" srcset=\"https:\/\/maisondraguignan.cloud\/wp-content\/uploads\/2026\/02\/salon2-rotated.jpeg 480w, https:\/\/maisondraguignan.cloud\/wp-content\/uploads\/2026\/02\/salon2-225x300.jpeg 225w\" sizes=\"auto, (max-width: 480px) 100vw, 480px\" \/><\/figure>\n\n\n\n<figure class=\"wp-block-image size-large\"><img loading=\"lazy\" decoding=\"async\" width=\"480\" height=\"640\" data-id=\"106\" src=\"http:\/\/maisondraguignan.cloud\/wp-content\/uploads\/2026\/02\/salon3-rotated.jpeg\" alt=\"\" class=\"wp-image-106\" srcset=\"https:\/\/maisondraguignan.cloud\/wp-content\/uploads\/2026\/02\/salon3-rotated.jpeg 480w, https:\/\/maisondraguignan.cloud\/wp-content\/uploads\/2026\/02\/salon3-225x300.jpeg 225w\" sizes=\"auto, (max-width: 480px) 100vw, 480px\" \/><\/figure>\n<\/figure>\n\n\n\n<p>Salle de bains avec grand placard (+un WC S\u00e9par\u00e9)<\/p>\n\n\n\n<figure class=\"wp-block-image size-full\"><img loading=\"lazy\" decoding=\"async\" width=\"361\" height=\"240\" src=\"http:\/\/maisondraguignan.cloud\/wp-content\/uploads\/2026\/02\/salle-de-bains.jpg\" alt=\"\" class=\"wp-image-108\" srcset=\"https:\/\/maisondraguignan.cloud\/wp-content\/uploads\/2026\/02\/salle-de-bains.jpg 361w, https:\/\/maisondraguignan.cloud\/wp-content\/uploads\/2026\/02\/salle-de-bains-300x199.jpg 300w\" sizes=\"auto, (max-width: 361px) 100vw, 361px\" \/><\/figure>\n\n\n\n<p><\/p>\n","protected":false},"excerpt":{"rendered":"<p>Salle \u00e0 manger cuisine \u00e9quip\u00e9e Salon avec po\u00eale \u00e0 granules Salle de bains avec grand placard (+un WC S\u00e9par\u00e9)<\/p>\n","protected":false},"author":1,"featured_media":0,"parent":0,"menu_order":0,"comment_status":"closed","ping_status":"closed","template":"","meta":{"footnotes":""},"class_list":["post-18","page","type-page","status-publish","hentry"],"_links":{"self":[{"href":"https:\/\/maisondraguignan.cloud\/index.php?rest_route=\/wp\/v2\/pages\/18","targetHints":{"allow":["GET"]}}],"collection":[{"href":"https:\/\/maisondraguignan.cloud\/index.php?rest_route=\/wp\/v2\/pages"}],"about":[{"href":"https:\/\/maisondraguignan.cloud\/index.php?rest_route=\/wp\/v2\/types\/page"}],"author":[{"embeddable":true,"href":"https:\/\/maisondraguignan.cloud\/index.php?rest_route=\/wp\/v2\/users\/1"}],"replies":[{"embeddable":true,"href":"https:\/\/maisondraguignan.cloud\/index.php?rest_route=%2Fwp%2Fv2%2Fcomments&post=18"}],"version-history":[{"count":5,"href":"https:\/\/maisondraguignan.cloud\/index.php?rest_route=\/wp\/v2\/pages\/18\/revisions"}],"predecessor-version":[{"id":118,"href":"https:\/\/maisondraguignan.cloud\/index.php?rest_route=\/wp\/v2\/pages\/18\/revisions\/118"}],"wp:attachment":[{"href":"https:\/\/maisondraguignan.cloud\/index.php?rest_route=%2Fwp%2Fv2%2Fmedia&parent=18"}],"curies":[{"name":"wp","href":"https:\/\/api.w.org\/{rel}","templated":true}]}}